{"id":129,"date":"2025-12-29T01:54:23","date_gmt":"2025-12-29T01:54:23","guid":{"rendered":"http:\/\/sdt-redesign.local\/?page_id=129"},"modified":"2026-03-31T23:10:53","modified_gmt":"2026-04-01T02:10:53","slug":"inicio","status":"publish","type":"page","link":"https:\/\/plataformasdt.cl\/en\/","title":{"rendered":"About SDT"},"content":{"rendered":"<div>\n<div class=\"gb-element-4ddbda15\">\n<div class=\"gb-element-d1f5bdc9\">\n<h2 class=\"gb-text gb-text-05eac349\"><em>Mart\u00edn Tironi<\/em><\/h2>\n\n\n\n<p class=\"gb-text gb-text-bf3c9839\">Society, Design and Technology is an interdisciplinary platform for research, creation, and collaboration, led by Mart\u00edn Tironi, aimed at critically exploring the social and environmental implications of design and technologies in contemporary society.<\/p>\n<\/div>\n\n\n\n<div class=\"gb-element-90b9ad10\"><\/div>\n\n\n\n<img loading=\"lazy\" decoding=\"async\" width=\"300\" height=\"300\" class=\"gb-media-3092c679\" alt=\"\" title=\"Frame 427318218 1\" src=\"https:\/\/plataformasdt.cl\/wp-content\/uploads\/2026\/01\/Frame-427318218-1-1.png\" srcset=\"https:\/\/plataformasdt.cl\/wp-content\/uploads\/2026\/01\/Frame-427318218-1-1.png 300w, https:\/\/plataformasdt.cl\/wp-content\/uploads\/2026\/01\/Frame-427318218-1-1-150x150.png 150w\" sizes=\"auto, (max-width: 300px) 100vw, 300px\" \/>\n<\/div>\n\n\n\n\n\n\n\n\n\n<div class=\"gb-element-c9dcbf3a\">\n<div class=\"gb-element-12c08425\">\n<h2 class=\"gb-text gb-text-fa00d4f8\"><em>Latest posts<\/em><\/h2>\n<\/div>\n\n\n\n<div class=\"gb-element-b96f4916\">\n<div><div class=\"gb-looper-a68e0417\">\n<div class=\"gb-loop-item post-2355 post type-post status-publish format-standard has-post-thumbnail hentry category-uncategorized-es\">\n<a class=\"gb-element-6487ec26\" href=\"https:\/\/plataformasdt.cl\/en\/hybrid-ecologies-la-instalacion-del-investigador-martin-tironi-en-la-bienal-de-venecia-2025\/\">\n<img loading=\"lazy\" decoding=\"async\" width=\"1024\" height=\"640\" data-media-id=\"2358\" class=\"gb-media-36b9809b\" alt=\"\" src=\"https:\/\/plataformasdt.cl\/wp-content\/uploads\/2026\/04\/foto-alargada-3-1024x640-1.jpg\" srcset=\"https:\/\/plataformasdt.cl\/wp-content\/uploads\/2026\/04\/foto-alargada-3-1024x640-1.jpg 1024w, https:\/\/plataformasdt.cl\/wp-content\/uploads\/2026\/04\/foto-alargada-3-1024x640-1-300x188.jpg 300w, https:\/\/plataformasdt.cl\/wp-content\/uploads\/2026\/04\/foto-alargada-3-1024x640-1-768x480.jpg 768w, https:\/\/plataformasdt.cl\/wp-content\/uploads\/2026\/04\/foto-alargada-3-1024x640-1-18x12.jpg 18w\" sizes=\"auto, (max-width: 1024px) 100vw, 1024px\" \/>\n\n\n\n<div class=\"gb-element-2bd7672b\">\n<div class=\"gb-element-1c08dc44\">\n<h6 class=\"gb-text gb-text-b9e2471b\">Apr 23, 2026<\/h6>\n\n\n\n<p class=\"gb-text gb-text-b5cadd61\">Hybrid Ecologies: la instalaci\u00f3n del investigador Mart\u00edn Tironi en la Bienal de Venecia 2025<\/p>\n\n\n\n<p class=\"gb-text gb-text-a1b72b58\">10 de junio Con esta exposici\u00f3n el investigador no solo busca cuantificar la huella h\u00eddrica de la inteligencia artificial, sino<\/p>\n<\/div>\n\n\n\n<h5 class=\"gb-text-af52a149\"><span class=\"gb-text\">Leer m\u00e1s<\/span><span class=\"gb-shape\"><svg aria-hidden=\"true\" role=\"img\" height=\"1em\" width=\"1em\" viewbox=\"0 0 256 512\" xmlns=\"http:\/\/www.w3.org\/2000\/svg\"><path fill=\"currentColor\" d=\"M224.3 273l-136 136c-9.4 9.4-24.6 9.4-33.9 0l-22.6-22.6c-9.4-9.4-9.4-24.6 0-33.9l96.4-96.4-96.4-96.4c-9.4-9.4-9.4-24.6 0-33.9L54.3 103c9.4-9.4 24.6-9.4 33.9 0l136 136c9.5 9.4 9.5 24.6.1 34z\"><\/path><\/svg><\/span><\/h5>\n<\/div>\n<\/a>\n<\/div>\n\n<div class=\"gb-loop-item post-2315 post type-post status-publish format-standard has-post-thumbnail hentry category-uncategorized-es\">\n<a class=\"gb-element-6487ec26\" href=\"https:\/\/plataformasdt.cl\/en\/martin-tironi-y-el-desafio-de-repensar-la-ia-nuevas-cartografias-desde-america-latina\/\">\n<img loading=\"lazy\" decoding=\"async\" width=\"768\" height=\"725\" data-media-id=\"2316\" class=\"gb-media-36b9809b\" alt=\"\" src=\"https:\/\/plataformasdt.cl\/wp-content\/uploads\/2026\/04\/image-7.png\" srcset=\"https:\/\/plataformasdt.cl\/wp-content\/uploads\/2026\/04\/image-7.png 768w, https:\/\/plataformasdt.cl\/wp-content\/uploads\/2026\/04\/image-7-300x283.png 300w, https:\/\/plataformasdt.cl\/wp-content\/uploads\/2026\/04\/image-7-13x12.png 13w\" sizes=\"auto, (max-width: 768px) 100vw, 768px\" \/>\n\n\n\n<div class=\"gb-element-2bd7672b\">\n<div class=\"gb-element-1c08dc44\">\n<h6 class=\"gb-text gb-text-b9e2471b\">Mar 27, 2026<\/h6>\n\n\n\n<p class=\"gb-text gb-text-b5cadd61\">Mart\u00edn Tironi y el desaf\u00edo de repensar la IA: Nuevas cartograf\u00edas desde Am\u00e9rica Latina<\/p>\n\n\n\n<p class=\"gb-text gb-text-a1b72b58\">El acad\u00e9mico de dise\u00f1o UC,&nbsp;Mart\u00edn Tironi, lider\u00f3 el lanzamiento del dossier Cartograf\u00edas conceptuales de la IA del N\u00facleo Milenio FAIR,<\/p>\n<\/div>\n\n\n\n<h5 class=\"gb-text-af52a149\"><span class=\"gb-text\">Leer m\u00e1s<\/span><span class=\"gb-shape\"><svg aria-hidden=\"true\" role=\"img\" height=\"1em\" width=\"1em\" viewbox=\"0 0 256 512\" xmlns=\"http:\/\/www.w3.org\/2000\/svg\"><path fill=\"currentColor\" d=\"M224.3 273l-136 136c-9.4 9.4-24.6 9.4-33.9 0l-22.6-22.6c-9.4-9.4-9.4-24.6 0-33.9l96.4-96.4-96.4-96.4c-9.4-9.4-9.4-24.6 0-33.9L54.3 103c9.4-9.4 24.6-9.4 33.9 0l136 136c9.5 9.4 9.5 24.6.1 34z\"><\/path><\/svg><\/span><\/h5>\n<\/div>\n<\/a>\n<\/div>\n\n<div class=\"gb-loop-item post-2319 post type-post status-publish format-standard has-post-thumbnail hentry category-uncategorized-es\">\n<a class=\"gb-element-6487ec26\" href=\"https:\/\/plataformasdt.cl\/en\/martin-tironi-dicto-conferencia-sobre-diseno-planetario-e-inteligencia-artificial-en-la-catedra-dac\/\">\n<img loading=\"lazy\" decoding=\"async\" width=\"1920\" height=\"1079\" data-media-id=\"2320\" class=\"gb-media-36b9809b\" alt=\"\" src=\"https:\/\/plataformasdt.cl\/wp-content\/uploads\/2026\/04\/image-1.png\" srcset=\"https:\/\/plataformasdt.cl\/wp-content\/uploads\/2026\/04\/image-1.png 1920w, https:\/\/plataformasdt.cl\/wp-content\/uploads\/2026\/04\/image-1-300x169.png 300w, https:\/\/plataformasdt.cl\/wp-content\/uploads\/2026\/04\/image-1-1024x575.png 1024w, https:\/\/plataformasdt.cl\/wp-content\/uploads\/2026\/04\/image-1-768x432.png 768w, https:\/\/plataformasdt.cl\/wp-content\/uploads\/2026\/04\/image-1-1536x863.png 1536w, https:\/\/plataformasdt.cl\/wp-content\/uploads\/2026\/04\/image-1-18x10.png 18w\" sizes=\"auto, (max-width: 1920px) 100vw, 1920px\" \/>\n\n\n\n<div class=\"gb-element-2bd7672b\">\n<div class=\"gb-element-1c08dc44\">\n<h6 class=\"gb-text gb-text-b9e2471b\">Feb 23, 2026<\/h6>\n\n\n\n<p class=\"gb-text gb-text-b5cadd61\">MART\u00cdN TIRONI DICT\u00d3 CONFERENCIA SOBRE DISE\u00d1O PLANETARIO E INTELIGENCIA ARTIFICIAL EN LA C\u00c1TEDRA DAC<\/p>\n\n\n\n<p class=\"gb-text gb-text-a1b72b58\">El pasado 23 de febrero, el acad\u00e9mico de la Escuela de Dise\u00f1o UC Mart\u00edn Tironi particip\u00f3 como conferencista en una<\/p>\n<\/div>\n\n\n\n<h5 class=\"gb-text-af52a149\"><span class=\"gb-text\">Leer m\u00e1s<\/span><span class=\"gb-shape\"><svg aria-hidden=\"true\" role=\"img\" height=\"1em\" width=\"1em\" viewbox=\"0 0 256 512\" xmlns=\"http:\/\/www.w3.org\/2000\/svg\"><path fill=\"currentColor\" d=\"M224.3 273l-136 136c-9.4 9.4-24.6 9.4-33.9 0l-22.6-22.6c-9.4-9.4-9.4-24.6 0-33.9l96.4-96.4-96.4-96.4c-9.4-9.4-9.4-24.6 0-33.9L54.3 103c9.4-9.4 24.6-9.4 33.9 0l136 136c9.5 9.4 9.5 24.6.1 34z\"><\/path><\/svg><\/span><\/h5>\n<\/div>\n<\/a>\n<\/div>\n\n<div class=\"gb-loop-item post-2306 post type-post status-publish format-standard has-post-thumbnail hentry category-blog category-cosmopolitica category-datafication\">\n<a class=\"gb-element-6487ec26\" href=\"https:\/\/plataformasdt.cl\/en\/manuela-garreton-y-martin-tironi-participan-en-coloquio-pensar-la-ia-desde-el-sur-con-ponencia-sobre-investigacion-creacion\/\">\n<img loading=\"lazy\" decoding=\"async\" width=\"799\" height=\"811\" data-media-id=\"2307\" class=\"gb-media-36b9809b\" alt=\"\" src=\"https:\/\/plataformasdt.cl\/wp-content\/uploads\/2026\/04\/image.png\" srcset=\"https:\/\/plataformasdt.cl\/wp-content\/uploads\/2026\/04\/image.png 799w, https:\/\/plataformasdt.cl\/wp-content\/uploads\/2026\/04\/image-296x300.png 296w, https:\/\/plataformasdt.cl\/wp-content\/uploads\/2026\/04\/image-768x780.png 768w, https:\/\/plataformasdt.cl\/wp-content\/uploads\/2026\/04\/image-12x12.png 12w\" sizes=\"auto, (max-width: 799px) 100vw, 799px\" \/>\n\n\n\n<div class=\"gb-element-2bd7672b\">\n<div class=\"gb-element-1c08dc44\">\n<h6 class=\"gb-text gb-text-b9e2471b\">Jan 13, 2026<\/h6>\n\n\n\n<p class=\"gb-text gb-text-b5cadd61\">MANUELA GARRET\u00d3N Y MART\u00cdN TIRONI PARTICIPAN EN COLOQUIO \u201cPENSAR LA IA DESDE EL SUR\u201d CON PONENCIA SOBRE INVESTIGACI\u00d3N-CREACI\u00d3N<\/p>\n\n\n\n<p class=\"gb-text gb-text-a1b72b58\">MaManuela Garret\u00f3n&nbsp;y&nbsp;Mart\u00edn Tironi&nbsp;participaron en el coloquio&nbsp;\u201cPensar la IA desde el Sur\u201d, encuentro que reuni\u00f3 a investigadoras e investigadores chilenos en<\/p>\n<\/div>\n\n\n\n<h5 class=\"gb-text-af52a149\"><span class=\"gb-text\">Leer m\u00e1s<\/span><span class=\"gb-shape\"><svg aria-hidden=\"true\" role=\"img\" height=\"1em\" width=\"1em\" viewbox=\"0 0 256 512\" xmlns=\"http:\/\/www.w3.org\/2000\/svg\"><path fill=\"currentColor\" d=\"M224.3 273l-136 136c-9.4 9.4-24.6 9.4-33.9 0l-22.6-22.6c-9.4-9.4-9.4-24.6 0-33.9l96.4-96.4-96.4-96.4c-9.4-9.4-9.4-24.6 0-33.9L54.3 103c9.4-9.4 24.6-9.4 33.9 0l136 136c9.5 9.4 9.5 24.6.1 34z\"><\/path><\/svg><\/span><\/h5>\n<\/div>\n<\/a>\n<\/div>\n\n<div class=\"gb-loop-item post-2312 post type-post status-publish format-standard has-post-thumbnail hentry category-uncategorized-es\">\n<a class=\"gb-element-6487ec26\" href=\"https:\/\/plataformasdt.cl\/en\/martin-tironi-participa-en-la-edicion-de-un-numero-especial-de-la-revista-disena\/\">\n<img loading=\"lazy\" decoding=\"async\" width=\"1387\" height=\"1969\" data-media-id=\"2313\" class=\"gb-media-36b9809b\" alt=\"\" src=\"https:\/\/plataformasdt.cl\/wp-content\/uploads\/2026\/04\/cover_issue_4012_es_ES.jpg\" srcset=\"https:\/\/plataformasdt.cl\/wp-content\/uploads\/2026\/04\/cover_issue_4012_es_ES.jpg 1387w, https:\/\/plataformasdt.cl\/wp-content\/uploads\/2026\/04\/cover_issue_4012_es_ES-211x300.jpg 211w, https:\/\/plataformasdt.cl\/wp-content\/uploads\/2026\/04\/cover_issue_4012_es_ES-721x1024.jpg 721w, https:\/\/plataformasdt.cl\/wp-content\/uploads\/2026\/04\/cover_issue_4012_es_ES-768x1090.jpg 768w, https:\/\/plataformasdt.cl\/wp-content\/uploads\/2026\/04\/cover_issue_4012_es_ES-1082x1536.jpg 1082w, https:\/\/plataformasdt.cl\/wp-content\/uploads\/2026\/04\/cover_issue_4012_es_ES-8x12.jpg 8w\" sizes=\"auto, (max-width: 1387px) 100vw, 1387px\" \/>\n\n\n\n<div class=\"gb-element-2bd7672b\">\n<div class=\"gb-element-1c08dc44\">\n<h6 class=\"gb-text gb-text-b9e2471b\">Jan 11, 2026<\/h6>\n\n\n\n<p class=\"gb-text gb-text-b5cadd61\">Mart\u00edn Tironi participa en la edici\u00f3n de un n\u00famero especial de la revista Dise\u00f1a.<\/p>\n\n\n\n<p class=\"gb-text gb-text-a1b72b58\">Editado como n\u00famero especial por Mart\u00edn Tironi, este volumen abre un di\u00e1logo sobre c\u00f3mo el dise\u00f1o se vincula con la<\/p>\n<\/div>\n\n\n\n<h5 class=\"gb-text-af52a149\"><span class=\"gb-text\">Leer m\u00e1s<\/span><span class=\"gb-shape\"><svg aria-hidden=\"true\" role=\"img\" height=\"1em\" width=\"1em\" viewbox=\"0 0 256 512\" xmlns=\"http:\/\/www.w3.org\/2000\/svg\"><path fill=\"currentColor\" d=\"M224.3 273l-136 136c-9.4 9.4-24.6 9.4-33.9 0l-22.6-22.6c-9.4-9.4-9.4-24.6 0-33.9l96.4-96.4-96.4-96.4c-9.4-9.4-9.4-24.6 0-33.9L54.3 103c9.4-9.4 24.6-9.4 33.9 0l136 136c9.5 9.4 9.5 24.6.1 34z\"><\/path><\/svg><\/span><\/h5>\n<\/div>\n<\/a>\n<\/div>\n\n<div class=\"gb-loop-item post-2309 post type-post status-publish format-standard has-post-thumbnail hentry category-uncategorized-es\">\n<a class=\"gb-element-6487ec26\" href=\"https:\/\/plataformasdt.cl\/en\/martin-tironi-publica-nuevo-articulo-en-la-revista-journal-of-cultural-economy\/\">\n<img loading=\"lazy\" decoding=\"async\" width=\"1280\" height=\"851\" data-media-id=\"2310\" class=\"gb-media-36b9809b\" alt=\"\" src=\"https:\/\/plataformasdt.cl\/wp-content\/uploads\/2026\/04\/tracker-3735862_1280.jpg\" srcset=\"https:\/\/plataformasdt.cl\/wp-content\/uploads\/2026\/04\/tracker-3735862_1280.jpg 1280w, https:\/\/plataformasdt.cl\/wp-content\/uploads\/2026\/04\/tracker-3735862_1280-300x199.jpg 300w, https:\/\/plataformasdt.cl\/wp-content\/uploads\/2026\/04\/tracker-3735862_1280-1024x681.jpg 1024w, https:\/\/plataformasdt.cl\/wp-content\/uploads\/2026\/04\/tracker-3735862_1280-768x511.jpg 768w, https:\/\/plataformasdt.cl\/wp-content\/uploads\/2026\/04\/tracker-3735862_1280-18x12.jpg 18w\" sizes=\"auto, (max-width: 1280px) 100vw, 1280px\" \/>\n\n\n\n<div class=\"gb-element-2bd7672b\">\n<div class=\"gb-element-1c08dc44\">\n<h6 class=\"gb-text gb-text-b9e2471b\">Jan 7, 2026<\/h6>\n\n\n\n<p class=\"gb-text gb-text-b5cadd61\">MART\u00cdN TIRONI PUBLICA NUEVO ART\u00cdCULO EN LA REVISTA JOURNAL OF CULTURAL ECONOMY<\/p>\n\n\n\n<p class=\"gb-text gb-text-a1b72b58\">El acad\u00e9mico de Dise\u00f1o UC&nbsp;Mart\u00edn Tironi&nbsp;acaba de publicar el art\u00edculo&nbsp;\u201cAI as justification devices: wellbeing and the datafied world in the<\/p>\n<\/div>\n\n\n\n<h5 class=\"gb-text-af52a149\"><span class=\"gb-text\">Leer m\u00e1s<\/span><span class=\"gb-shape\"><svg aria-hidden=\"true\" role=\"img\" height=\"1em\" width=\"1em\" viewbox=\"0 0 256 512\" xmlns=\"http:\/\/www.w3.org\/2000\/svg\"><path fill=\"currentColor\" d=\"M224.3 273l-136 136c-9.4 9.4-24.6 9.4-33.9 0l-22.6-22.6c-9.4-9.4-9.4-24.6 0-33.9l96.4-96.4-96.4-96.4c-9.4-9.4-9.4-24.6 0-33.9L54.3 103c9.4-9.4 24.6-9.4 33.9 0l136 136c9.5 9.4 9.5 24.6.1 34z\"><\/path><\/svg><\/span><\/h5>\n<\/div>\n<\/a>\n<\/div>\n<\/div><\/div>\n<\/div>\n<\/div>\n<\/div>","protected":false},"excerpt":{"rendered":"<p>Mart\u00edn Tironi Sociedad, tecnolog\u00eda y dise\u00f1o es una plataforma interdisciplinaria de investigaci\u00f3n, creaci\u00f3n y colaboraci\u00f3n, dirigida por Mart\u00edn Tironi, orientada a explorar cr\u00edticamente las implicancias sociales y medioambientales del dise\u00f1o y las tecnolog\u00edas en la sociedad contempor\u00e1nea. Sobre SDT La vida social se encuentra hoy crecientemente mediada por tecnolog\u00edas digitales y, de manera cada vez [&hellip;]<\/p>\n","protected":false},"author":1,"featured_media":0,"parent":0,"menu_order":0,"comment_status":"closed","ping_status":"closed","template":"layout","meta":{"_acf_changed":false,"footnotes":""},"class_list":["post-129","page","type-page","status-publish","hentry"],"acf":[],"_links":{"self":[{"href":"https:\/\/plataformasdt.cl\/en\/wp-json\/wp\/v2\/pages\/129","targetHints":{"allow":["GET"]}}],"collection":[{"href":"https:\/\/plataformasdt.cl\/en\/wp-json\/wp\/v2\/pages"}],"about":[{"href":"https:\/\/plataformasdt.cl\/en\/wp-json\/wp\/v2\/types\/page"}],"author":[{"embeddable":true,"href":"https:\/\/plataformasdt.cl\/en\/wp-json\/wp\/v2\/users\/1"}],"replies":[{"embeddable":true,"href":"https:\/\/plataformasdt.cl\/en\/wp-json\/wp\/v2\/comments?post=129"}],"version-history":[{"count":5,"href":"https:\/\/plataformasdt.cl\/en\/wp-json\/wp\/v2\/pages\/129\/revisions"}],"predecessor-version":[{"id":2279,"href":"https:\/\/plataformasdt.cl\/en\/wp-json\/wp\/v2\/pages\/129\/revisions\/2279"}],"wp:attachment":[{"href":"https:\/\/plataformasdt.cl\/en\/wp-json\/wp\/v2\/media?parent=129"}],"curies":[{"name":"wp","href":"https:\/\/api.w.org\/{rel}","templated":true}]}}