{"id":130,"date":"2025-12-22T01:35:06","date_gmt":"2025-12-22T01:35:06","guid":{"rendered":"http:\/\/sdt-redesign.local\/?page_id=130"},"modified":"2026-03-03T02:07:58","modified_gmt":"2026-03-03T05:07:58","slug":"biografia","status":"publish","type":"page","link":"https:\/\/plataformasdt.cl\/en\/biografia\/","title":{"rendered":"Biography"},"content":{"rendered":"<div>\n<div class=\"gb-element-4ddbda15\">\n<div class=\"gb-element-d1f5bdc9\">\n<h2 class=\"gb-text gb-text-05eac349\"><em>Biography<\/em><\/h2>\n<\/div>\n\n\n\n<div class=\"gb-element-9ca03c5a\">\n<p class=\"gb-text gb-text-03befa0f\">Mart\u00edn Tironi is an Associate Professor at the School of Design of the Pontificia Universidad Cat\u00f3lica de Chile and Director of the Millennium Nucleus Futures of Artificial Intelligence Research (FAIR). He holds a BA in Sociology from PUC Chile, an MA in Sociology from Paris-Sorbonne University (Paris V), and a PhD in Sociology from the Centre de Sociologie de l\u2019Innovation at \u00c9cole des Mines de Paris, where he also conducted his postdoctoral research. In 2018, he was a Visiting Professor at Goldsmiths, University of London.<\/p>\n<\/div>\n<\/div>\n\n\n\n<div class=\"gb-element-767ae86f\">\n<div class=\"gb-element-f183ac46\">\n<img loading=\"lazy\" decoding=\"async\" width=\"446\" height=\"516\" class=\"gb-media-3730a130\" alt=\"\" title=\"Tironi\" src=\"https:\/\/plataformasdt.cl\/wp-content\/uploads\/2025\/12\/Tironi-1.png\" srcset=\"https:\/\/plataformasdt.cl\/wp-content\/uploads\/2025\/12\/Tironi-1.png 446w, https:\/\/plataformasdt.cl\/wp-content\/uploads\/2025\/12\/Tironi-1-259x300.png 259w\" sizes=\"auto, (max-width: 446px) 100vw, 446px\" \/>\n\n\n\n<p class=\"gb-text gb-text-ce3eeedd\">His research, creative practice, and teaching focus on two main areas: (1) the analysis of the impacts of digital designs and devices, with an emphasis on the use of artificial intelligence; and (2) the anthropology of design, focused on non-anthropocentric perspectives and oriented toward planetary sustainability. He teaches at both undergraduate and graduate levels and supervises theses at undergraduate and doctoral levels.<\/p>\n<\/div>\n\n\n\n<div class=\"gb-element-0c465aea\">\n<p class=\"gb-text gb-text-93fddd93\">Tironi has served as Principal Investigator on several Fondecyt-funded projects, including: Digital Technologies for Climate Change: Exploring the Designs, Uses, and Effects of Digital Technologies for the Ecological Transition in Chile (2025\u20132028); Designing Futures in the Age of Artificial Intelligence and Algorithmic Prediction: Problematizing the Construction of Technological Futures in the Chilean Context (No. 1210006, 2021\u20132023); Datafication of Urban Environments and Individuals: An Analysis of the Designs, Practices, and Discourses of Digital Data Production and Management in Chile (No. 1210006, 2021\u20132023); and Configuring Smart Spaces and Users: A Socio-Technical Study of the Practices, Devices, and Discourses of \u2018Smart Cities\u2019 in Chile (No. 11140042, 2015\u20132018).<br><br><br>He is co-editor of the book Design for More-Than-Human Futures: Towards Post-Anthropocentric Worlding (Routledge, 2023). In the field of research-creation, he was part of the curatorial team that won the Gold Medal at the London Design Biennale (2021) with the pavilion Tectonic Resonance: From User-Centered Design to Planet-Oriented Design. Together with Manuela Garret\u00f3n, he is the creator of the installations Hybrid Ecologies: Visualizing the Terrestrial Footprint of Artificial Intelligence (Centro Cultural La Moneda, Chile) and Generative Devastations (Galer\u00eda Lo Contador).<br><br><br>Tironi is a member of the International Advisory Board of the series Dis-positions: Troubling Methods and Theory in STS (Bristol University Press), and serves on the editorial boards of Revista 180 (UDP) and Revista Dise\u00f1a (UC).<\/p>\n<\/div>\n<\/div>\n\n\n\n<div class=\"gb-element-0cbee1ac\">\n<div class=\"gb-element-a1392bd7\">\n<h4 class=\"gb-text gb-text-3918ffde\">Frequent collaborators<\/h4>\n<\/div>\n<\/div>\n\n\n\n<div class=\"gb-element-ed332056\">\n<div class=\"gb-element-2f61df95\">\n<h4 class=\"gb-text gb-text-e9dfdbbb\">This section brings together frequent collaborators who actively participate in the projects, research, and creative processes associated with initiatives led by Martin Tironi.<\/h4>\n<\/div>\n<\/div>\n\n\n\n<div class=\"gb-element-a65b66b2\">\n<div class=\"gb-element-c380ae61\">\n<figure class=\"wp-block-image size-full has-custom-border\" style=\"margin-top:0px;margin-right:0px;margin-bottom:0px;margin-left:0px\"><img loading=\"lazy\" decoding=\"async\" width=\"387\" height=\"516\" src=\"https:\/\/plataformasdt.cl\/wp-content\/uploads\/2025\/12\/Garreton.png\" alt=\"\" class=\"wp-image-296\" style=\"border-right-color:var(--wp--preset--color--accent-4);aspect-ratio:3\/4;object-fit:cover\" srcset=\"https:\/\/plataformasdt.cl\/wp-content\/uploads\/2025\/12\/Garreton.png 387w, https:\/\/plataformasdt.cl\/wp-content\/uploads\/2025\/12\/Garreton-225x300.png 225w\" sizes=\"auto, (max-width: 387px) 100vw, 387px\" \/><\/figure>\n<\/div>\n\n\n\n<div class=\"gb-element-bcdd3a1d\">\n<h3 class=\"gb-text gb-text-6e053c39\">Manuela Garret\u00f3n<\/h3>\n\n\n\n<p class=\"gb-text gb-text-4befc184\">PhD in Engineering (Computer Science) from UC, Master\u2019s in Interactive Telecommunications (NYU), and designer from UC. She is an Assistant Professor in Design at UC, an Associate Researcher at the Millennium Nucleus FAIR, and affiliated with the Urban Complexity Lab (University of Applied Sciences Potsdam).<\/p>\n<\/div>\n<\/div>\n\n\n\n<div class=\"gb-element-d6e19077\">\n<div class=\"gb-element-d877a2c8\">\n<figure class=\"wp-block-image size-full\" style=\"margin-top:0px;margin-right:0px;margin-bottom:0px;margin-left:0px\"><img loading=\"lazy\" decoding=\"async\" width=\"387\" height=\"516\" src=\"https:\/\/plataformasdt.cl\/wp-content\/uploads\/2025\/12\/Hermansen.png\" alt=\"\" class=\"wp-image-297\" style=\"aspect-ratio:3\/4;object-fit:cover\" srcset=\"https:\/\/plataformasdt.cl\/wp-content\/uploads\/2025\/12\/Hermansen.png 387w, https:\/\/plataformasdt.cl\/wp-content\/uploads\/2025\/12\/Hermansen-225x300.png 225w\" sizes=\"auto, (max-width: 387px) 100vw, 387px\" \/><\/figure>\n<\/div>\n\n\n\n<div class=\"gb-element-ae952195\">\n<h3 class=\"gb-text gb-text-04d748b1\">Pablo Hermansen<\/h3>\n\n\n\n<p class=\"gb-text gb-text-5a99b6ff\">Designer in the UC Interaction Design Lab team and PhD in Architecture and Urban Studies from UC. His research explores the role of photography in qualitative research, cosmopolitical prototypes, and digitally augmented public demonstrations, as well as action research in public health.<\/p>\n<\/div>\n<\/div>\n\n\n\n<div class=\"gb-element-72d2f0bf\">\n<div class=\"gb-element-5bf14a45\">\n<figure class=\"wp-block-image size-full\" style=\"margin-top:0px;margin-right:0px;margin-bottom:0px;margin-left:0px\"><img loading=\"lazy\" decoding=\"async\" width=\"387\" height=\"516\" src=\"https:\/\/plataformasdt.cl\/wp-content\/uploads\/2025\/12\/Rivera-1.png\" alt=\"\" class=\"wp-image-295\" style=\"aspect-ratio:3\/4;object-fit:cover\" srcset=\"https:\/\/plataformasdt.cl\/wp-content\/uploads\/2025\/12\/Rivera-1.png 387w, https:\/\/plataformasdt.cl\/wp-content\/uploads\/2025\/12\/Rivera-1-225x300.png 225w\" sizes=\"auto, (max-width: 387px) 100vw, 387px\" \/><\/figure>\n<\/div>\n\n\n\n<div class=\"gb-element-fc46cb81\">\n<h3 class=\"gb-text gb-text-611c6741\">Diego Rivera<\/h3>\n\n\n\n<p class=\"gb-text gb-text-e21eadbf\">He holds a degree in Psychology from the University of Chile and an MSc in Digital Society from the University of Edinburgh, and is currently pursuing a PhD in Social Sciences at the University of Chile. His research focuses on digital labor, processes of subjectivation on the internet, and the governmental rationalities associated with these processes.<\/p>\n<\/div>\n<\/div>\n\n\n\n<div class=\"gb-element-412963fd\">\n<div class=\"gb-element-e87509a0\">\n<figure class=\"wp-block-image size-full\" style=\"margin-top:0px;margin-right:0px;margin-bottom:0px;margin-left:0px\"><img loading=\"lazy\" decoding=\"async\" width=\"387\" height=\"516\" src=\"https:\/\/plataformasdt.cl\/wp-content\/uploads\/2025\/12\/Valderrama.png\" alt=\"\" class=\"wp-image-300\" style=\"aspect-ratio:3\/4;object-fit:cover\" srcset=\"https:\/\/plataformasdt.cl\/wp-content\/uploads\/2025\/12\/Valderrama.png 387w, https:\/\/plataformasdt.cl\/wp-content\/uploads\/2025\/12\/Valderrama-225x300.png 225w\" sizes=\"auto, (max-width: 387px) 100vw, 387px\" \/><\/figure>\n<\/div>\n\n\n\n<div class=\"gb-element-97d63e01\">\n<h3 class=\"gb-text gb-text-89e5098a\">Mat\u00edas Valderrama<\/h3>\n\n\n\n<p class=\"gb-text gb-text-6b691796\">Sociologist. Master\u2019s in Sociology (UC) and in Social Science Research (University of Warwick). PhD from the Centre for Interdisciplinary Methodologies (Warwick), funded by ESRC. He has participated in Fondecyt projects and research with the NGO Derechos Digitales on the social impacts of digital technologies in Chile.<\/p>\n<\/div>\n<\/div>\n\n\n\n<div class=\"gb-element-e201e522\">\n<div class=\"gb-element-19a52f5d\">\n<figure class=\"wp-block-image size-full\" style=\"margin-top:0px;margin-right:0px;margin-bottom:0px;margin-left:0px\"><img loading=\"lazy\" decoding=\"async\" width=\"387\" height=\"516\" src=\"https:\/\/plataformasdt.cl\/wp-content\/uploads\/2025\/12\/Albornoz.png\" alt=\"\" class=\"wp-image-299\" style=\"aspect-ratio:3\/4;object-fit:cover\" srcset=\"https:\/\/plataformasdt.cl\/wp-content\/uploads\/2025\/12\/Albornoz.png 387w, https:\/\/plataformasdt.cl\/wp-content\/uploads\/2025\/12\/Albornoz-225x300.png 225w\" sizes=\"auto, (max-width: 387px) 100vw, 387px\" \/><\/figure>\n<\/div>\n\n\n\n<div class=\"gb-element-6155c672\">\n<h3 class=\"gb-text gb-text-b1095669\">Camila Albornoz<\/h3>\n\n\n\n<p class=\"gb-text gb-text-db2f2e0f\">Social anthropologist and Master\u2019s in Urban Development from UC. Her research focuses on new materialisms, science and technology studies, and sustainability transitions. She has worked as a research assistant in Fondecyt projects and as an adjunct lecturer in \u201cCritical Design\u201d at UC Design.<\/p>\n<\/div>\n<\/div>\n<\/div>","protected":false},"excerpt":{"rendered":"<p>Biograf\u00eda Mart\u00edn Tironi es Profesor Asociado y Director de la Escuela de Dise\u00f1o en la Pontificia Universidad Cat\u00f3lica de Chile. Adem\u00e1s, es director del N\u00facleo Milenio Futures of Artificial Intelligence Research (FAIR). Tironi es soci\u00f3logo (Pontificia Universidad Cat\u00f3lica de Chile, 2006), Mag\u00edster en Sociolog\u00eda (Sorbona V, 2010) y Doctor en Sociolog\u00eda por el Centre de [&hellip;]<\/p>\n","protected":false},"author":1,"featured_media":0,"parent":0,"menu_order":0,"comment_status":"closed","ping_status":"closed","template":"layout","meta":{"_acf_changed":false,"footnotes":""},"class_list":["post-130","page","type-page","status-publish","hentry"],"acf":[],"_links":{"self":[{"href":"https:\/\/plataformasdt.cl\/en\/wp-json\/wp\/v2\/pages\/130","targetHints":{"allow":["GET"]}}],"collection":[{"href":"https:\/\/plataformasdt.cl\/en\/wp-json\/wp\/v2\/pages"}],"about":[{"href":"https:\/\/plataformasdt.cl\/en\/wp-json\/wp\/v2\/types\/page"}],"author":[{"embeddable":true,"href":"https:\/\/plataformasdt.cl\/en\/wp-json\/wp\/v2\/users\/1"}],"replies":[{"embeddable":true,"href":"https:\/\/plataformasdt.cl\/en\/wp-json\/wp\/v2\/comments?post=130"}],"version-history":[{"count":12,"href":"https:\/\/plataformasdt.cl\/en\/wp-json\/wp\/v2\/pages\/130\/revisions"}],"predecessor-version":[{"id":2221,"href":"https:\/\/plataformasdt.cl\/en\/wp-json\/wp\/v2\/pages\/130\/revisions\/2221"}],"wp:attachment":[{"href":"https:\/\/plataformasdt.cl\/en\/wp-json\/wp\/v2\/media?parent=130"}],"curies":[{"name":"wp","href":"https:\/\/api.w.org\/{rel}","templated":true}]}}