{"id":131,"date":"2025-12-29T04:06:34","date_gmt":"2025-12-29T04:06:34","guid":{"rendered":"http:\/\/sdt-redesign.local\/?page_id=131"},"modified":"2026-03-03T02:00:00","modified_gmt":"2026-03-03T05:00:00","slug":"proyectos","status":"publish","type":"page","link":"https:\/\/plataformasdt.cl\/en\/proyectos\/","title":{"rendered":"Projects"},"content":{"rendered":"<div>\n<div class=\"gb-element-4ddbda15\">\n<div class=\"gb-element-d1f5bdc9\">\n<h2 class=\"gb-text gb-text-05eac349\"><em>Projects<\/em><\/h2>\n<\/div>\n\n\n\n<div class=\"gb-element-9ca03c5a\">\n<p class=\"gb-text gb-text-03befa0f\">This section brings together research-creation works that explore, through spatial and material dispositifs, the social, ecological, and political implications of contemporary technologies.<\/p>\n<\/div>\n<\/div>\n\n\n\n<div class=\"gb-element-a5b9c0b9\">\n<h3 class=\"gb-text gb-text-84f2c648\"><em>Creation projects<\/em><\/h3>\n<\/div>\n\n\n\n<div class=\"gb-element-0cd8a798\">\n<div><div class=\"gb-looper-14ed1298\">\n<a class=\"gb-loop-item gb-loop-item-ed5c467a post-1296 proyectos type-proyectos status-publish has-post-thumbnail hentry\" href=\"https:\/\/plataformasdt.cl\/en\/proyectos\/ecologias-hibridas-4\/\" target=\"_blank\" rel=\"noopener\">\n<div class=\"gb-element-91470289\">\n<img loading=\"lazy\" decoding=\"async\" width=\"2560\" height=\"1707\" data-media-id=\"822\" class=\"gb-media-0c76c039\" alt=\"\" src=\"https:\/\/plataformasdt.cl\/wp-content\/uploads\/2025\/12\/CP-MTMG-Biennale2025-0138-scaled.jpg\" srcset=\"https:\/\/plataformasdt.cl\/wp-content\/uploads\/2025\/12\/CP-MTMG-Biennale2025-0138-scaled.jpg 2560w, https:\/\/plataformasdt.cl\/wp-content\/uploads\/2025\/12\/CP-MTMG-Biennale2025-0138-300x200.jpg 300w, https:\/\/plataformasdt.cl\/wp-content\/uploads\/2025\/12\/CP-MTMG-Biennale2025-0138-1024x683.jpg 1024w, https:\/\/plataformasdt.cl\/wp-content\/uploads\/2025\/12\/CP-MTMG-Biennale2025-0138-768x512.jpg 768w, https:\/\/plataformasdt.cl\/wp-content\/uploads\/2025\/12\/CP-MTMG-Biennale2025-0138-1536x1024.jpg 1536w, https:\/\/plataformasdt.cl\/wp-content\/uploads\/2025\/12\/CP-MTMG-Biennale2025-0138-2048x1366.jpg 2048w\" sizes=\"auto, (max-width: 2560px) 100vw, 2560px\" \/>\n\n\n\n<div class=\"gb-element-213f6854\">\n\n\n<div>\n<p class=\"gb-text gb-text-4cfc5ba5\">Ecolog\u00edas H\u00edbridas<\/p>\n\n\n<\/div>\n<\/div>\n<\/div>\n<\/a>\n\n<a class=\"gb-loop-item gb-loop-item-ed5c467a post-1295 proyectos type-proyectos status-publish has-post-thumbnail hentry\" href=\"https:\/\/plataformasdt.cl\/en\/proyectos\/ecologias-hibridas-3\/\" target=\"_blank\" rel=\"noopener\">\n<div class=\"gb-element-91470289\">\n<img loading=\"lazy\" decoding=\"async\" width=\"2000\" height=\"1333\" data-media-id=\"828\" class=\"gb-media-0c76c039\" alt=\"\" src=\"https:\/\/plataformasdt.cl\/wp-content\/uploads\/2025\/12\/Ecologias-Hibridas-8.png\" srcset=\"https:\/\/plataformasdt.cl\/wp-content\/uploads\/2025\/12\/Ecologias-Hibridas-8.png 2000w, https:\/\/plataformasdt.cl\/wp-content\/uploads\/2025\/12\/Ecologias-Hibridas-8-300x200.png 300w, https:\/\/plataformasdt.cl\/wp-content\/uploads\/2025\/12\/Ecologias-Hibridas-8-1024x682.png 1024w, https:\/\/plataformasdt.cl\/wp-content\/uploads\/2025\/12\/Ecologias-Hibridas-8-768x512.png 768w, https:\/\/plataformasdt.cl\/wp-content\/uploads\/2025\/12\/Ecologias-Hibridas-8-1536x1024.png 1536w\" sizes=\"auto, (max-width: 2000px) 100vw, 2000px\" \/>\n\n\n\n<div class=\"gb-element-213f6854\">\n\n\n<div>\n<p class=\"gb-text gb-text-4cfc5ba5\">Ecolog\u00edas H\u00edbridas<\/p>\n\n\n<\/div>\n<\/div>\n<\/div>\n<\/a>\n\n<a class=\"gb-loop-item gb-loop-item-ed5c467a post-1294 proyectos type-proyectos status-publish has-post-thumbnail hentry\" href=\"https:\/\/plataformasdt.cl\/en\/proyectos\/devastaciones-generativas-2\/\" target=\"_blank\" rel=\"noopener\">\n<div class=\"gb-element-91470289\">\n<img loading=\"lazy\" decoding=\"async\" width=\"1600\" height=\"930\" data-media-id=\"832\" class=\"gb-media-0c76c039\" alt=\"\" src=\"https:\/\/plataformasdt.cl\/wp-content\/uploads\/2025\/12\/WhatsApp-Image-2024-08-23-at-12.50.47.jpeg\" srcset=\"https:\/\/plataformasdt.cl\/wp-content\/uploads\/2025\/12\/WhatsApp-Image-2024-08-23-at-12.50.47.jpeg 1600w, https:\/\/plataformasdt.cl\/wp-content\/uploads\/2025\/12\/WhatsApp-Image-2024-08-23-at-12.50.47-300x174.jpeg 300w, https:\/\/plataformasdt.cl\/wp-content\/uploads\/2025\/12\/WhatsApp-Image-2024-08-23-at-12.50.47-1024x595.jpeg 1024w, https:\/\/plataformasdt.cl\/wp-content\/uploads\/2025\/12\/WhatsApp-Image-2024-08-23-at-12.50.47-768x446.jpeg 768w, https:\/\/plataformasdt.cl\/wp-content\/uploads\/2025\/12\/WhatsApp-Image-2024-08-23-at-12.50.47-1536x893.jpeg 1536w\" sizes=\"auto, (max-width: 1600px) 100vw, 1600px\" \/>\n\n\n\n<div class=\"gb-element-213f6854\">\n\n\n<div>\n<p class=\"gb-text gb-text-4cfc5ba5\">Devastaciones Generativas<\/p>\n\n\n<\/div>\n<\/div>\n<\/div>\n<\/a>\n\n<a class=\"gb-loop-item gb-loop-item-ed5c467a post-1293 proyectos type-proyectos status-publish has-post-thumbnail hentry\" href=\"https:\/\/plataformasdt.cl\/en\/proyectos\/cenizas-de-la-coexitencia-2\/\" target=\"_blank\" rel=\"noopener\">\n<div class=\"gb-element-91470289\">\n<img loading=\"lazy\" decoding=\"async\" width=\"1011\" height=\"1435\" data-media-id=\"1297\" class=\"gb-media-0c76c039\" alt=\"\" src=\"https:\/\/plataformasdt.cl\/wp-content\/uploads\/2026\/01\/Screenshot-2026-01-07-at-12.21.18-AM.png\" srcset=\"https:\/\/plataformasdt.cl\/wp-content\/uploads\/2026\/01\/Screenshot-2026-01-07-at-12.21.18-AM.png 1011w, https:\/\/plataformasdt.cl\/wp-content\/uploads\/2026\/01\/Screenshot-2026-01-07-at-12.21.18-AM-211x300.png 211w, https:\/\/plataformasdt.cl\/wp-content\/uploads\/2026\/01\/Screenshot-2026-01-07-at-12.21.18-AM-721x1024.png 721w, https:\/\/plataformasdt.cl\/wp-content\/uploads\/2026\/01\/Screenshot-2026-01-07-at-12.21.18-AM-768x1090.png 768w\" sizes=\"auto, (max-width: 1011px) 100vw, 1011px\" \/>\n\n\n\n<div class=\"gb-element-213f6854\">\n\n\n<div>\n<p class=\"gb-text gb-text-4cfc5ba5\">Cenizas de la Coexitencia<\/p>\n\n\n<\/div>\n<\/div>\n<\/div>\n<\/a>\n\n<a class=\"gb-loop-item gb-loop-item-ed5c467a post-1292 proyectos type-proyectos status-publish has-post-thumbnail hentry\" href=\"https:\/\/plataformasdt.cl\/en\/proyectos\/resonancias-tectonicas-2\/\" target=\"_blank\" rel=\"noopener\">\n<div class=\"gb-element-91470289\">\n<img loading=\"lazy\" decoding=\"async\" width=\"2560\" height=\"1707\" data-media-id=\"826\" class=\"gb-media-0c76c039\" alt=\"\" src=\"https:\/\/plataformasdt.cl\/wp-content\/uploads\/2025\/12\/Imagen-3_Roger-Alarcon-scaled.jpg\" srcset=\"https:\/\/plataformasdt.cl\/wp-content\/uploads\/2025\/12\/Imagen-3_Roger-Alarcon-scaled.jpg 2560w, https:\/\/plataformasdt.cl\/wp-content\/uploads\/2025\/12\/Imagen-3_Roger-Alarcon-300x200.jpg 300w, https:\/\/plataformasdt.cl\/wp-content\/uploads\/2025\/12\/Imagen-3_Roger-Alarcon-1024x683.jpg 1024w, https:\/\/plataformasdt.cl\/wp-content\/uploads\/2025\/12\/Imagen-3_Roger-Alarcon-768x512.jpg 768w, https:\/\/plataformasdt.cl\/wp-content\/uploads\/2025\/12\/Imagen-3_Roger-Alarcon-1536x1024.jpg 1536w, https:\/\/plataformasdt.cl\/wp-content\/uploads\/2025\/12\/Imagen-3_Roger-Alarcon-2048x1365.jpg 2048w\" sizes=\"auto, (max-width: 2560px) 100vw, 2560px\" \/>\n\n\n\n<div class=\"gb-element-213f6854\">\n\n\n<div>\n<p class=\"gb-text gb-text-4cfc5ba5\">Resonancias Tect\u00f3nicas<\/p>\n\n\n<\/div>\n<\/div>\n<\/div>\n<\/a>\n<\/div><\/div>\n<\/div>\n\n\n\n<div class=\"gb-element-0c9b5f54\">\n<h3 class=\"gb-text gb-text-4bcc4d0d\"><em>Investigation projects<\/em><\/h3>\n<\/div>\n\n\n\n<div class=\"gb-element-3e9d856c\">\n<div><div class=\"gb-looper-582c2395\">\n<a class=\"gb-loop-item gb-loop-item-b92a27cf post-2204 proyectos-invest type-proyectos-invest status-publish has-post-thumbnail hentry\" href=\"https:\/\/plataformasdt.cl\/en\/proyectos-invest\/dataficacion\/\" target=\"_blank\" rel=\"noopener\">\n<div class=\"gb-element-2412f4ea\">\n<img loading=\"lazy\" decoding=\"async\" width=\"1920\" height=\"1137\" data-media-id=\"2206\" class=\"gb-media-3eb55b20\" alt=\"\" src=\"https:\/\/plataformasdt.cl\/wp-content\/uploads\/2026\/03\/maxim-berg-kE8-rUKjtQU-unsplash.jpg\" srcset=\"https:\/\/plataformasdt.cl\/wp-content\/uploads\/2026\/03\/maxim-berg-kE8-rUKjtQU-unsplash.jpg 1920w, https:\/\/plataformasdt.cl\/wp-content\/uploads\/2026\/03\/maxim-berg-kE8-rUKjtQU-unsplash-300x178.jpg 300w, https:\/\/plataformasdt.cl\/wp-content\/uploads\/2026\/03\/maxim-berg-kE8-rUKjtQU-unsplash-1024x606.jpg 1024w, https:\/\/plataformasdt.cl\/wp-content\/uploads\/2026\/03\/maxim-berg-kE8-rUKjtQU-unsplash-768x455.jpg 768w, https:\/\/plataformasdt.cl\/wp-content\/uploads\/2026\/03\/maxim-berg-kE8-rUKjtQU-unsplash-1536x910.jpg 1536w\" sizes=\"auto, (max-width: 1920px) 100vw, 1920px\" \/>\n\n\n\n<div class=\"gb-element-f69f3626\">\n\n\n<div>\n\n<\/div>\n<\/div>\n<\/div>\n<\/a>\n\n<a class=\"gb-loop-item gb-loop-item-b92a27cf post-2177 proyectos-invest type-proyectos-invest status-publish has-post-thumbnail hentry\" href=\"https:\/\/plataformasdt.cl\/en\/proyectos-invest\/ia-y-futuros\/\" target=\"_blank\" rel=\"noopener\">\n<div class=\"gb-element-2412f4ea\">\n<img loading=\"lazy\" decoding=\"async\" width=\"1920\" height=\"1281\" data-media-id=\"2178\" class=\"gb-media-3eb55b20\" alt=\"\" src=\"https:\/\/plataformasdt.cl\/wp-content\/uploads\/2026\/03\/pexels-mike-chai-285623-842339.jpg\" srcset=\"https:\/\/plataformasdt.cl\/wp-content\/uploads\/2026\/03\/pexels-mike-chai-285623-842339.jpg 1920w, https:\/\/plataformasdt.cl\/wp-content\/uploads\/2026\/03\/pexels-mike-chai-285623-842339-300x200.jpg 300w, https:\/\/plataformasdt.cl\/wp-content\/uploads\/2026\/03\/pexels-mike-chai-285623-842339-1024x683.jpg 1024w, https:\/\/plataformasdt.cl\/wp-content\/uploads\/2026\/03\/pexels-mike-chai-285623-842339-768x512.jpg 768w, https:\/\/plataformasdt.cl\/wp-content\/uploads\/2026\/03\/pexels-mike-chai-285623-842339-1536x1025.jpg 1536w\" sizes=\"auto, (max-width: 1920px) 100vw, 1920px\" \/>\n\n\n\n<div class=\"gb-element-f69f3626\">\n\n\n<div>\n\n<\/div>\n<\/div>\n<\/div>\n<\/a>\n\n<a class=\"gb-loop-item gb-loop-item-b92a27cf post-2170 proyectos-invest type-proyectos-invest status-publish has-post-thumbnail hentry\" href=\"https:\/\/plataformasdt.cl\/en\/proyectos-invest\/identidades-algoritmicas\/\" target=\"_blank\" rel=\"noopener\">\n<div class=\"gb-element-2412f4ea\">\n<img loading=\"lazy\" decoding=\"async\" width=\"1920\" height=\"1080\" data-media-id=\"2173\" class=\"gb-media-3eb55b20\" alt=\"\" src=\"https:\/\/plataformasdt.cl\/wp-content\/uploads\/2026\/03\/pexels-googledeepmind-17483910-1.jpg\" srcset=\"https:\/\/plataformasdt.cl\/wp-content\/uploads\/2026\/03\/pexels-googledeepmind-17483910-1.jpg 1920w, https:\/\/plataformasdt.cl\/wp-content\/uploads\/2026\/03\/pexels-googledeepmind-17483910-1-300x169.jpg 300w, https:\/\/plataformasdt.cl\/wp-content\/uploads\/2026\/03\/pexels-googledeepmind-17483910-1-1024x576.jpg 1024w, https:\/\/plataformasdt.cl\/wp-content\/uploads\/2026\/03\/pexels-googledeepmind-17483910-1-768x432.jpg 768w, https:\/\/plataformasdt.cl\/wp-content\/uploads\/2026\/03\/pexels-googledeepmind-17483910-1-1536x864.jpg 1536w\" sizes=\"auto, (max-width: 1920px) 100vw, 1920px\" \/>\n\n\n\n<div class=\"gb-element-f69f3626\">\n\n\n<div>\n\n<\/div>\n<\/div>\n<\/div>\n<\/a>\n\n<a class=\"gb-loop-item gb-loop-item-b92a27cf post-2200 proyectos-invest type-proyectos-invest status-publish has-post-thumbnail hentry\" href=\"https:\/\/plataformasdt.cl\/en\/proyectos-invest\/smart-cities\/\" target=\"_blank\" rel=\"noopener\">\n<div class=\"gb-element-2412f4ea\">\n<img loading=\"lazy\" decoding=\"async\" width=\"1920\" height=\"1280\" data-media-id=\"2201\" class=\"gb-media-3eb55b20\" alt=\"\" src=\"https:\/\/plataformasdt.cl\/wp-content\/uploads\/2026\/03\/pexels-pixabay-373543.jpg\" srcset=\"https:\/\/plataformasdt.cl\/wp-content\/uploads\/2026\/03\/pexels-pixabay-373543.jpg 1920w, https:\/\/plataformasdt.cl\/wp-content\/uploads\/2026\/03\/pexels-pixabay-373543-300x200.jpg 300w, https:\/\/plataformasdt.cl\/wp-content\/uploads\/2026\/03\/pexels-pixabay-373543-1024x683.jpg 1024w, https:\/\/plataformasdt.cl\/wp-content\/uploads\/2026\/03\/pexels-pixabay-373543-768x512.jpg 768w, https:\/\/plataformasdt.cl\/wp-content\/uploads\/2026\/03\/pexels-pixabay-373543-1536x1024.jpg 1536w\" sizes=\"auto, (max-width: 1920px) 100vw, 1920px\" \/>\n\n\n\n<div class=\"gb-element-f69f3626\">\n\n\n<div>\n\n<\/div>\n<\/div>\n<\/div>\n<\/a>\n<\/div><\/div>\n<\/div>\n<\/div>","protected":false},"excerpt":{"rendered":"<p>Proyectos Esta secci\u00f3n re\u00fane trabajos de investigaci\u00f3n-creaci\u00f3n que exploran, a trav\u00e9s de dispositivos espaciales y materiales, las implicancias sociales, ecol\u00f3gicas y pol\u00edticas de las tecnolog\u00edas contempor\u00e1neas. Proyectos de creaci\u00f3n Proyectos de investigaci\u00f3n<\/p>","protected":false},"author":1,"featured_media":0,"parent":0,"menu_order":0,"comment_status":"closed","ping_status":"closed","template":"layout","meta":{"_acf_changed":false,"footnotes":""},"class_list":["post-131","page","type-page","status-publish","hentry"],"acf":[],"_links":{"self":[{"href":"https:\/\/plataformasdt.cl\/en\/wp-json\/wp\/v2\/pages\/131","targetHints":{"allow":["GET"]}}],"collection":[{"href":"https:\/\/plataformasdt.cl\/en\/wp-json\/wp\/v2\/pages"}],"about":[{"href":"https:\/\/plataformasdt.cl\/en\/wp-json\/wp\/v2\/types\/page"}],"author":[{"embeddable":true,"href":"https:\/\/plataformasdt.cl\/en\/wp-json\/wp\/v2\/users\/1"}],"replies":[{"embeddable":true,"href":"https:\/\/plataformasdt.cl\/en\/wp-json\/wp\/v2\/comments?post=131"}],"version-history":[{"count":3,"href":"https:\/\/plataformasdt.cl\/en\/wp-json\/wp\/v2\/pages\/131\/revisions"}],"predecessor-version":[{"id":2216,"href":"https:\/\/plataformasdt.cl\/en\/wp-json\/wp\/v2\/pages\/131\/revisions\/2216"}],"wp:attachment":[{"href":"https:\/\/plataformasdt.cl\/en\/wp-json\/wp\/v2\/media?parent=131"}],"curies":[{"name":"wp","href":"https:\/\/api.w.org\/{rel}","templated":true}]}}