{"id":133,"date":"2025-12-23T00:18:15","date_gmt":"2025-12-23T00:18:15","guid":{"rendered":"http:\/\/sdt-redesign.local\/?page_id=133"},"modified":"2026-03-03T02:19:01","modified_gmt":"2026-03-03T05:19:01","slug":"docencia","status":"publish","type":"page","link":"https:\/\/plataformasdt.cl\/en\/docencia\/","title":{"rendered":"Teaching"},"content":{"rendered":"<div>\n<div class=\"gb-element-4ddbda15\">\n<div class=\"gb-element-d1f5bdc9\">\n<h2 class=\"gb-text gb-text-05eac349\"><em>Teaching<\/em><\/h2>\n<\/div>\n\n\n\n<div class=\"gb-element-9ca03c5a\">\n<p class=\"gb-text gb-text-03befa0f\">My teaching is articulated around design as an inquisitive, situated, and experimental practice. Through courses such as <strong>Research Through Design<\/strong>, <strong>Mediations<\/strong>, among others, I encourage students to develop the capacities to interrogate technologies, problematize complex sociomaterial contexts, and experiment with alternative forms of intervention.<\/p>\n\n\n\n<p class=\"gb-text gb-text-209536e2\">Teaching is conceived as a space of collective exploration, where design operates not only as problem-solving but as a tool for producing knowledge, opening controversies, and mediating between human, technical, and more-than-human worlds.<\/p>\n<\/div>\n<\/div>\n\n\n\n<div class=\"gb-element-685635f1\">\n<div class=\"gb-element-a344c9aa\">\n<h2 class=\"gb-text gb-text-f2bb8a87\"><em>Courses<\/em><\/h2>\n<\/div>\n\n\n\n<div class=\"gb-element-0cd8a798\">\n<div class=\"gb-element-ae42e14d\">\n<p class=\"gb-text gb-text-0b972f0b\">Critical Design<\/p>\n\n\n\n<p class=\"gb-text gb-text-e4645f69\">In this course, students develop artifacts, scenarios, and prototypes to question dominant assumptions, make controversies visible, and open debates about the social, political, and ethical implications of technology and material culture.<\/p>\n<\/div>\n\n\n\n<div class=\"gb-element-16c6d65a\">\n<p class=\"gb-text gb-text-a25c93e3\">Research through Design<\/p>\n\n\n\n<p class=\"gb-text gb-text-bd835951\">In this course, design processes and artifacts are used as means to produce original knowledge, explore complex problems, and generate questions about the social, technical, and material world.<\/p>\n<\/div>\n\n\n\n<div class=\"gb-element-8d280e78\">\n<p class=\"gb-text gb-text-12237b2d\">Mediations: Research Workshop<\/p>\n\n\n\n<p class=\"gb-text gb-text-f0dd105c\">This course, taught together with Francisco D\u00edaz (UC Architecture), addresses contemporary crises by articulating analytical, sensory, and project-based forms of knowledge. Through a research-creation methodology, students work on real socio-environmental controversies with the aim of designing mediation devices that make these conflicts visible and open spaces for collective deliberation.<\/p>\n<\/div>\n<\/div>\n<\/div>\n<\/div>","protected":false},"excerpt":{"rendered":"<p>Docencia Mi docencia se articula en torno al dise\u00f1o como una pr\u00e1ctica indagativa, situada y experimental. A trav\u00e9s de cursos como Investigaci\u00f3n a trav\u00e9s del Dise\u00f1o, Mediaciones, entre otros, busco que estudiantes desarrollen capacidades para interrogar tecnolog\u00edas, problematizar contextos sociomateriales complejos y ensayar formas alternativas de intervenci\u00f3n. La ense\u00f1anza se concibe como un espacio de [&hellip;]<\/p>\n","protected":false},"author":1,"featured_media":0,"parent":0,"menu_order":0,"comment_status":"closed","ping_status":"closed","template":"layout","meta":{"_acf_changed":false,"footnotes":""},"class_list":["post-133","page","type-page","status-publish","hentry"],"acf":[],"_links":{"self":[{"href":"https:\/\/plataformasdt.cl\/en\/wp-json\/wp\/v2\/pages\/133","targetHints":{"allow":["GET"]}}],"collection":[{"href":"https:\/\/plataformasdt.cl\/en\/wp-json\/wp\/v2\/pages"}],"about":[{"href":"https:\/\/plataformasdt.cl\/en\/wp-json\/wp\/v2\/types\/page"}],"author":[{"embeddable":true,"href":"https:\/\/plataformasdt.cl\/en\/wp-json\/wp\/v2\/users\/1"}],"replies":[{"embeddable":true,"href":"https:\/\/plataformasdt.cl\/en\/wp-json\/wp\/v2\/comments?post=133"}],"version-history":[{"count":4,"href":"https:\/\/plataformasdt.cl\/en\/wp-json\/wp\/v2\/pages\/133\/revisions"}],"predecessor-version":[{"id":2223,"href":"https:\/\/plataformasdt.cl\/en\/wp-json\/wp\/v2\/pages\/133\/revisions\/2223"}],"wp:attachment":[{"href":"https:\/\/plataformasdt.cl\/en\/wp-json\/wp\/v2\/media?parent=133"}],"curies":[{"name":"wp","href":"https:\/\/api.w.org\/{rel}","templated":true}]}}