{"id":134,"date":"2025-12-21T22:40:52","date_gmt":"2025-12-21T22:40:52","guid":{"rendered":"http:\/\/sdt-redesign.local\/?page_id=134"},"modified":"2026-03-03T02:39:46","modified_gmt":"2026-03-03T05:39:46","slug":"publicaciones","status":"publish","type":"page","link":"https:\/\/plataformasdt.cl\/en\/publicaciones\/","title":{"rendered":"Publications"},"content":{"rendered":"<div>\n<div class=\"gb-element-4ddbda15\">\n<div class=\"gb-element-d1f5bdc9\">\n<h2 class=\"gb-text gb-text-05eac349\"><em>Publications<\/em><\/h2>\n\n\n\n<p class=\"gb-text gb-text-bf3c9839\">Texts published by Mart\u00edn Tironi, including edited books and peer-reviewed articles.<\/p>\n<\/div>\n<\/div>\n\n\n\n<div class=\"gb-element-685635f1\">\n<div class=\"gb-element-a344c9aa\">\n<h2 class=\"gb-text gb-text-f2bb8a87\"><em>Books<\/em><\/h2>\n<\/div>\n\n\n\n<div>\n<div><div class=\"gb-looper-14ed1298\">\n<div class=\"gb-loop-item gb-loop-item-ed5c467a post-619 publicacion type-publicacion status-publish hentry\">\n<div class=\"gb-element-05b7971e\">\n\n\n<div class=\"gb-element-213f6854\">\n<p class=\"gb-text gb-text-4cfc5ba5\">Counter-Designing from Latin America: Prototyping across a Planetary Mara\u00f1a<\/p>\n\n\n<\/div>\n<\/div>\n<\/div>\n\n<div class=\"gb-loop-item gb-loop-item-ed5c467a post-623 publicacion type-publicacion status-publish hentry\">\n<div class=\"gb-element-05b7971e\">\n\n\n<div class=\"gb-element-213f6854\">\n<p class=\"gb-text gb-text-4cfc5ba5\">Tectonic resonances: From user-centered design to planet-oriented design<\/p>\n\n\n<\/div>\n<\/div>\n<\/div>\n\n<div class=\"gb-loop-item gb-loop-item-ed5c467a post-625 publicacion type-publicacion status-publish hentry\">\n<div class=\"gb-element-05b7971e\">\n\n\n<div class=\"gb-element-213f6854\">\n<p class=\"gb-text gb-text-4cfc5ba5\">Design For More-Than-Human Futures: Towards Post-Anthropocentric Worlding<\/p>\n\n\n<\/div>\n<\/div>\n<\/div>\n\n<div class=\"gb-loop-item gb-loop-item-ed5c467a post-646 publicacion type-publicacion status-publish hentry\">\n<div class=\"gb-element-05b7971e\">\n\n\n<div class=\"gb-element-213f6854\">\n<p class=\"gb-text gb-text-4cfc5ba5\">Caminando. Ecolog\u00edas, practicas y afectos en la ciudad<\/p>\n\n\n<\/div>\n<\/div>\n<\/div>\n<\/div><\/div>\n<\/div>\n<\/div>\n\n\n\n<div class=\"gb-element-1ed387c3\">\n<div class=\"gb-element-519496f9\">\n<h2 class=\"gb-text gb-text-38f5709e\"><em>Articles<\/em><\/h2>\n<\/div>\n\n\n\n<div>\n<div><div class=\"gb-looper-ac98dbb7\">\n<div class=\"gb-loop-item gb-loop-item-39c94b82 post-1382 publicacion type-publicacion status-publish hentry\">\n<div class=\"gb-element-17b29fce\">\n\n\n<div class=\"gb-element-fc5ebd01\">\n<p class=\"gb-text gb-text-99995ae1\">AI as justification devices: wellbeing and the datafied world in the Chilean context<\/p>\n\n\n<\/div>\n<\/div>\n<\/div>\n\n<div class=\"gb-loop-item gb-loop-item-39c94b82 post-620 publicacion type-publicacion status-publish hentry\">\n<div class=\"gb-element-17b29fce\">\n\n\n<div class=\"gb-element-fc5ebd01\">\n<p class=\"gb-text gb-text-99995ae1\">Decolonizing AI? Lessons from a failed experiment<\/p>\n\n\n<\/div>\n<\/div>\n<\/div>\n\n<div class=\"gb-loop-item gb-loop-item-39c94b82 post-621 publicacion type-publicacion status-publish hentry\">\n<div class=\"gb-element-17b29fce\">\n\n\n<div class=\"gb-element-fc5ebd01\">\n<p class=\"gb-text gb-text-99995ae1\">Divergent Futures in a Damaged Territory: The Rise of Data Centers and Water Conflicts in Santiago de Chile<\/p>\n\n\n<\/div>\n<\/div>\n<\/div>\n\n<div class=\"gb-loop-item gb-loop-item-39c94b82 post-622 publicacion type-publicacion status-publish hentry\">\n<div class=\"gb-element-17b29fce\">\n\n\n<div class=\"gb-element-fc5ebd01\">\n<p class=\"gb-text gb-text-99995ae1\">Not Knowing to Reimagine. Toward an Ignorance-Oriented Design in Times of Artificial<\/p>\n\n\n<\/div>\n<\/div>\n<\/div>\n\n<div class=\"gb-loop-item gb-loop-item-39c94b82 post-624 publicacion type-publicacion status-publish hentry\">\n<div class=\"gb-element-17b29fce\">\n\n\n<div class=\"gb-element-fc5ebd01\">\n<p class=\"gb-text gb-text-99995ae1\">Hybrid Ecologies of artificial intelligence: prototyping terrestrial practices through a design installation<\/p>\n\n\n<\/div>\n<\/div>\n<\/div>\n\n<div class=\"gb-loop-item gb-loop-item-39c94b82 post-626 publicacion type-publicacion status-publish hentry\">\n<div class=\"gb-element-17b29fce\">\n\n\n<div class=\"gb-element-fc5ebd01\">\n<p class=\"gb-text gb-text-99995ae1\">Planet-Oriented Design: a proposal for new ethical transitions in design education<\/p>\n\n\n<\/div>\n<\/div>\n<\/div>\n\n<div class=\"gb-loop-item gb-loop-item-39c94b82 post-627 publicacion type-publicacion status-publish hentry\">\n<div class=\"gb-element-17b29fce\">\n\n\n<div class=\"gb-element-fc5ebd01\">\n<p class=\"gb-text gb-text-99995ae1\">From copper mining to data extractivism? Data worth making at Chile\u2019s Data Observatory Foundation<\/p>\n\n\n<\/div>\n<\/div>\n<\/div>\n\n<div class=\"gb-loop-item gb-loop-item-39c94b82 post-628 publicacion type-publicacion status-publish hentry\">\n<div class=\"gb-element-17b29fce\">\n\n\n<div class=\"gb-element-fc5ebd01\">\n<p class=\"gb-text gb-text-99995ae1\">Hacia un dise\u00f1o distribuido en escenarios de crisis. Fricciones y futuros de los colectivos de la fabricaci\u00f3n digital en Chile<\/p>\n\n\n<\/div>\n<\/div>\n<\/div>\n\n<div class=\"gb-loop-item gb-loop-item-39c94b82 post-629 publicacion type-publicacion status-publish hentry\">\n<div class=\"gb-element-17b29fce\">\n\n\n<div class=\"gb-element-fc5ebd01\">\n<p class=\"gb-text gb-text-99995ae1\">Artificial intelligence in the new forms of environmental governance in the Chilean State: Towards an eco-algorithmic governance<\/p>\n\n\n<\/div>\n<\/div>\n<\/div>\n\n<div class=\"gb-loop-item gb-loop-item-39c94b82 post-630 publicacion type-publicacion status-publish hentry\">\n<div class=\"gb-element-17b29fce\">\n\n\n<div class=\"gb-element-fc5ebd01\">\n<p class=\"gb-text gb-text-99995ae1\">Worth-making in a datafied world: Urban cycling, smart urbanism, and technologies of justification in Santiago de Chile<\/p>\n\n\n<\/div>\n<\/div>\n<\/div>\n\n<div class=\"gb-loop-item gb-loop-item-39c94b82 post-631 publicacion type-publicacion status-publish hentry\">\n<div class=\"gb-element-17b29fce\">\n\n\n<div class=\"gb-element-fc5ebd01\">\n<p class=\"gb-text gb-text-99995ae1\">Surveillance and the ecology of frictions in platform urbanism: the case of delivery workers in Santiago de Chile<\/p>\n\n\n<\/div>\n<\/div>\n<\/div>\n\n<div class=\"gb-loop-item gb-loop-item-39c94b82 post-632 publicacion type-publicacion status-publish hentry\">\n<div class=\"gb-element-17b29fce\">\n\n\n<div class=\"gb-element-fc5ebd01\">\n<p class=\"gb-text gb-text-99995ae1\">Problematizing Human-Centred Design: Notes on Planet-Oriented Design<\/p>\n\n\n<\/div>\n<\/div>\n<\/div>\n\n<div class=\"gb-loop-item gb-loop-item-39c94b82 post-633 publicacion type-publicacion status-publish hentry\">\n<div class=\"gb-element-17b29fce\">\n\n\n<div class=\"gb-element-fc5ebd01\">\n<p class=\"gb-text gb-text-99995ae1\">Delivery workers and the interplay of digital and mobility (in) justice<\/p>\n\n\n<\/div>\n<\/div>\n<\/div>\n\n<div class=\"gb-loop-item gb-loop-item-39c94b82 post-634 publicacion type-publicacion status-publish hentry\">\n<div class=\"gb-element-17b29fce\">\n\n\n<div class=\"gb-element-fc5ebd01\">\n<p class=\"gb-text gb-text-99995ae1\">Descolonizando los sistemas algor\u00edtmicos: dise\u00f1o cr\u00edtico para la problematizaci\u00f3n de algoritmos y datos digitales desde el Sur<\/p>\n\n\n<\/div>\n<\/div>\n<\/div>\n\n<div class=\"gb-loop-item gb-loop-item-39c94b82 post-635 publicacion type-publicacion status-publish hentry\">\n<div class=\"gb-element-17b29fce\">\n\n\n<div class=\"gb-element-fc5ebd01\">\n<p class=\"gb-text gb-text-99995ae1\">Experimenting with the Social life of homes: sensor governmentality and its frictions<\/p>\n\n\n<\/div>\n<\/div>\n<\/div>\n\n<div class=\"gb-loop-item gb-loop-item-39c94b82 post-636 publicacion type-publicacion status-publish hentry\">\n<div class=\"gb-element-17b29fce\">\n\n\n<div class=\"gb-element-fc5ebd01\">\n<p class=\"gb-text gb-text-99995ae1\">Decolonizing the Imagination in Times of Crisis. Gestures for Speculative Thinking-Feeling: Interview with Martin Savransky<\/p>\n\n\n<\/div>\n<\/div>\n<\/div>\n\n<div class=\"gb-loop-item gb-loop-item-39c94b82 post-637 publicacion type-publicacion status-publish hentry\">\n<div class=\"gb-element-17b29fce\">\n\n\n<div class=\"gb-element-fc5ebd01\">\n<p class=\"gb-text gb-text-99995ae1\">Gobernando mediante sensores. Sensorizaci\u00f3n y regulaci\u00f3n digital de la vida ambiental de hogares en Chile<\/p>\n\n\n<\/div>\n<\/div>\n<\/div>\n\n<div class=\"gb-loop-item gb-loop-item-39c94b82 post-638 publicacion type-publicacion status-publish hentry\">\n<div class=\"gb-element-17b29fce\">\n\n\n<div class=\"gb-element-fc5ebd01\">\n<p class=\"gb-text gb-text-99995ae1\">Prototyping public friction: Exploring the political effects of design testing in urban space<\/p>\n\n\n<\/div>\n<\/div>\n<\/div>\n\n<div class=\"gb-loop-item gb-loop-item-39c94b82 post-639 publicacion type-publicacion status-publish hentry\">\n<div class=\"gb-element-17b29fce\">\n\n\n<div class=\"gb-element-fc5ebd01\">\n<p class=\"gb-text gb-text-99995ae1\">Prototipando la coexistencia: Dise\u00f1os para futuros interespecie<\/p>\n\n\n<\/div>\n<\/div>\n<\/div>\n\n<div class=\"gb-loop-item gb-loop-item-39c94b82 post-640 publicacion type-publicacion status-publish hentry\">\n<div class=\"gb-element-17b29fce\">\n\n\n<div class=\"gb-element-fc5ebd01\">\n<p class=\"gb-text gb-text-99995ae1\">The militarization of the urban sky in Santiago de Chile: The vision multiple of a video-surveillance system of aerostatic balloons<\/p>\n\n\n<\/div>\n<\/div>\n<\/div>\n\n<div class=\"gb-loop-item gb-loop-item-39c94b82 post-641 publicacion type-publicacion status-publish hentry\">\n<div class=\"gb-element-17b29fce\">\n\n\n<div class=\"gb-element-fc5ebd01\">\n<p class=\"gb-text gb-text-99995ae1\">Experimentando con lo urbano: Pol\u00edticas, discursos y pr\u00e1cticas de la ciudad inteligente<\/p>\n\n\n<\/div>\n<\/div>\n<\/div>\n\n<div class=\"gb-loop-item gb-loop-item-39c94b82 post-642 publicacion type-publicacion status-publish hentry\">\n<div class=\"gb-element-17b29fce\">\n\n\n<div class=\"gb-element-fc5ebd01\">\n<p class=\"gb-text gb-text-99995ae1\">Speculative prototyping, frictions and counter-participation: A civic intervention with homeless individuals<\/p>\n\n\n<\/div>\n<\/div>\n<\/div>\n\n<div class=\"gb-loop-item gb-loop-item-39c94b82 post-643 publicacion type-publicacion status-publish hentry\">\n<div class=\"gb-element-17b29fce\">\n\n\n<div class=\"gb-element-fc5ebd01\">\n<p class=\"gb-text gb-text-99995ae1\">Cosmopolitical implications in the prototyping process: Ethnographic design practice at the National Zoo in Santiago, Chile<\/p>\n\n\n<\/div>\n<\/div>\n<\/div>\n\n<div class=\"gb-loop-item gb-loop-item-39c94b82 post-644 publicacion type-publicacion status-publish hentry\">\n<div class=\"gb-element-17b29fce\">\n\n\n<div class=\"gb-element-fc5ebd01\">\n<p class=\"gb-text gb-text-99995ae1\">Prototyping multispecies environments: Attentiveness and friction as modes of knowing<\/p>\n\n\n<\/div>\n<\/div>\n<\/div>\n\n<div class=\"gb-loop-item gb-loop-item-39c94b82 post-645 publicacion type-publicacion status-publish hentry\">\n<div class=\"gb-element-17b29fce\">\n\n\n<div class=\"gb-element-fc5ebd01\">\n<p class=\"gb-text gb-text-99995ae1\">Regimes of digital quantification: making data-driven decisions?<\/p>\n\n\n<\/div>\n<\/div>\n<\/div>\n\n<div class=\"gb-loop-item gb-loop-item-39c94b82 post-647 publicacion type-publicacion status-publish hentry\">\n<div class=\"gb-element-17b29fce\">\n\n\n<div class=\"gb-element-fc5ebd01\">\n<p class=\"gb-text gb-text-99995ae1\">Unpacking a citizen self-tracking device: smartness and idiocy in the accumulation of cycling mobility data<\/p>\n\n\n<\/div>\n<\/div>\n<\/div>\n\n<div class=\"gb-loop-item gb-loop-item-39c94b82 post-648 publicacion type-publicacion status-publish hentry\">\n<div class=\"gb-element-17b29fce\">\n\n\n<div class=\"gb-element-fc5ebd01\">\n<p class=\"gb-text gb-text-99995ae1\">Regimes of Perceptibility and Cosmopolitical Sensing: The Earth and the Ontological Politics of Sensor Technologies<\/p>\n\n\n<\/div>\n<\/div>\n<\/div>\n\n<div class=\"gb-loop-item gb-loop-item-39c94b82 post-649 publicacion type-publicacion status-publish hentry\">\n<div class=\"gb-element-17b29fce\">\n\n\n<div class=\"gb-element-fc5ebd01\">\n<p class=\"gb-text gb-text-99995ae1\">Urbanisme militaire et situation cosmopolitique: le cas des ballons de surveillance \u00e0 Santiago, Chili<\/p>\n\n\n<\/div>\n<\/div>\n<\/div>\n\n<div class=\"gb-loop-item gb-loop-item-39c94b82 post-650 publicacion type-publicacion status-publish hentry\">\n<div class=\"gb-element-17b29fce\">\n\n\n<div class=\"gb-element-fc5ebd01\">\n<p class=\"gb-text gb-text-99995ae1\">Affects and urban infrastructures: Researching users&#8217; daily experiences of Santiago de Chile&#8217;s transport system<\/p>\n\n\n<\/div>\n<\/div>\n<\/div>\n\n<div class=\"gb-loop-item gb-loop-item-39c94b82 post-651 publicacion type-publicacion status-publish hentry\">\n<div class=\"gb-element-17b29fce\">\n\n\n<div class=\"gb-element-fc5ebd01\">\n<p class=\"gb-text gb-text-99995ae1\">Singularizado estilos de vida: fabricando imaginario en condominios cerrados en Santiago<\/p>\n\n\n<\/div>\n<\/div>\n<\/div>\n\n<div class=\"gb-loop-item gb-loop-item-39c94b82 post-652 publicacion type-publicacion status-publish hentry\">\n<div class=\"gb-element-17b29fce\">\n\n\n<div class=\"gb-element-fc5ebd01\">\n<p class=\"gb-text gb-text-99995ae1\">Urbanismo Militarizado y situaci\u00f3n cosmopol\u00edtica: El caso de los Globos Aerost\u00e1ticos de Vigilancia en Santiago de Chile<\/p>\n\n\n<\/div>\n<\/div>\n<\/div>\n\n<div class=\"gb-loop-item gb-loop-item-39c94b82 post-653 publicacion type-publicacion status-publish hentry\">\n<div class=\"gb-element-17b29fce\">\n\n\n<div class=\"gb-element-fc5ebd01\">\n<p class=\"gb-text gb-text-99995ae1\">Transformando la bicicleta en laboratorios m\u00f3viles. El caso de un self-tracking ciudadano para la ciudad de Santiago<\/p>\n\n\n<\/div>\n<\/div>\n<\/div>\n\n<div class=\"gb-loop-item gb-loop-item-39c94b82 post-654 publicacion type-publicacion status-publish hentry\">\n<div class=\"gb-element-17b29fce\">\n\n\n<div class=\"gb-element-fc5ebd01\">\n<p class=\"gb-text gb-text-99995ae1\">Ecolog\u00edas urbanas temporales: del dise\u00f1o inteligente al dise\u00f1o especulativo<\/p>\n\n\n<\/div>\n<\/div>\n<\/div>\n\n<div class=\"gb-loop-item gb-loop-item-39c94b82 post-655 publicacion type-publicacion status-publish hentry\">\n<div class=\"gb-element-17b29fce\">\n\n\n<div class=\"gb-element-fc5ebd01\">\n<p class=\"gb-text gb-text-99995ae1\">The Prototype as a Cosmopolitical Place: Ethnographic design practice and research at the National Zoo in Santiago, Chile<\/p>\n\n\n<\/div>\n<\/div>\n<\/div>\n\n<div class=\"gb-loop-item gb-loop-item-39c94b82 post-656 publicacion type-publicacion status-publish hentry\">\n<div class=\"gb-element-17b29fce\">\n\n\n<div class=\"gb-element-fc5ebd01\">\n<p class=\"gb-text gb-text-99995ae1\">Pobre Calama, tan lejos de Dios y tan cerca de Codelco: Controversias Cosmopol\u00edticas Calame\u00f1as<\/p>\n\n\n<\/div>\n<\/div>\n<\/div>\n\n<div class=\"gb-loop-item gb-loop-item-39c94b82 post-657 publicacion type-publicacion status-publish hentry\">\n<div class=\"gb-element-17b29fce\">\n\n\n<div class=\"gb-element-fc5ebd01\">\n<p class=\"gb-text gb-text-99995ae1\">A field test and its displacements. Accounting for an experimental mode of industrial innovation<\/p>\n\n\n<\/div>\n<\/div>\n<\/div>\n\n<div class=\"gb-loop-item gb-loop-item-39c94b82 post-658 publicacion type-publicacion status-publish hentry\">\n<div class=\"gb-element-17b29fce\">\n\n\n<div class=\"gb-element-fc5ebd01\">\n<p class=\"gb-text gb-text-99995ae1\">Of Sensors and Sensitivities. Towards a Cosmopolitics of Smart Cities?<\/p>\n\n\n<\/div>\n<\/div>\n<\/div>\n\n<div class=\"gb-loop-item gb-loop-item-39c94b82 post-659 publicacion type-publicacion status-publish hentry\">\n<div class=\"gb-element-17b29fce\">\n\n\n<div class=\"gb-element-fc5ebd01\">\n<p class=\"gb-text gb-text-99995ae1\">\u00c9ticas del cuidado de los recursos urbanos: mantenci\u00f3n y reparaci\u00f3n en un sistema de bicicletas p\u00fablicas<\/p>\n\n\n<\/div>\n<\/div>\n<\/div>\n\n<div class=\"gb-loop-item gb-loop-item-39c94b82 post-660 publicacion type-publicacion status-publish hentry\">\n<div class=\"gb-element-17b29fce\">\n\n\n<div class=\"gb-element-fc5ebd01\">\n<p class=\"gb-text gb-text-99995ae1\">El prototipo como dispositivo cosmopol\u00edtico: Etnograf\u00eda de pr\u00e1cticas de dise\u00f1o en el Zool\u00f3gico Nacional de Chile<\/p>\n\n\n<\/div>\n<\/div>\n<\/div>\n\n<div class=\"gb-loop-item gb-loop-item-39c94b82 post-661 publicacion type-publicacion status-publish hentry\">\n<div class=\"gb-element-17b29fce\">\n\n\n<div class=\"gb-element-fc5ebd01\">\n<p class=\"gb-text gb-text-99995ae1\">(De)politicising and ecologising bicycles: the history of the Parisian V\u00e9lib\u2019 system and its controversies<\/p>\n\n\n<\/div>\n<\/div>\n<\/div>\n\n<div class=\"gb-loop-item gb-loop-item-39c94b82 post-662 publicacion type-publicacion status-publish hentry\">\n<div class=\"gb-element-17b29fce\">\n\n\n<div class=\"gb-element-fc5ebd01\">\n<p class=\"gb-text gb-text-99995ae1\">Faire circuler des v\u00e9los et des personnes. L\u2019\u00e9cologie urbaine et maintenance du programme V\u00e9lib\u2019 de Paris<\/p>\n\n\n<\/div>\n<\/div>\n<\/div>\n\n<div class=\"gb-loop-item gb-loop-item-39c94b82 post-663 publicacion type-publicacion status-publish hentry\">\n<div class=\"gb-element-17b29fce\">\n\n\n<div class=\"gb-element-fc5ebd01\">\n<p class=\"gb-text gb-text-99995ae1\">Tecnolog\u00edas democr\u00e1ticas. Repensando los movimientos sociales en el Chile actual<\/p>\n\n\n<\/div>\n<\/div>\n<\/div>\n\n<div class=\"gb-loop-item gb-loop-item-39c94b82 post-664 publicacion type-publicacion status-publish hentry\">\n<div class=\"gb-element-17b29fce\">\n\n\n<div class=\"gb-element-fc5ebd01\">\n<p class=\"gb-text gb-text-99995ae1\">Repairing and Maintaining a Public Bicycle System: The Case of Velib&#8217; in Paris<\/p>\n\n\n<\/div>\n<\/div>\n<\/div>\n\n<div class=\"gb-loop-item gb-loop-item-39c94b82 post-665 publicacion type-publicacion status-publish hentry\">\n<div class=\"gb-element-17b29fce\">\n\n\n<div class=\"gb-element-fc5ebd01\">\n<p class=\"gb-text gb-text-99995ae1\">Mettre l\u2019\u00e9cologie en mouvement. Les controverses \u00e0 l\u2019origine du projet V\u00e9lib\u2019<\/p>\n\n\n<\/div>\n<\/div>\n<\/div>\n\n<div class=\"gb-loop-item gb-loop-item-39c94b82 post-666 publicacion type-publicacion status-publish hentry\">\n<div class=\"gb-element-17b29fce\">\n\n\n<div class=\"gb-element-fc5ebd01\">\n<p class=\"gb-text gb-text-99995ae1\">Haciendo naturalezas: Ecopoemas, Escrito en el desierto, Huacho<\/p>\n\n\n<\/div>\n<\/div>\n<\/div>\n\n<div class=\"gb-loop-item gb-loop-item-39c94b82 post-667 publicacion type-publicacion status-publish hentry\">\n<div class=\"gb-element-17b29fce\">\n\n\n<div class=\"gb-element-fc5ebd01\">\n<p class=\"gb-text gb-text-99995ae1\">Building infrastructure for mobility: the case of self-service bicycle programs in Paris<\/p>\n\n\n<\/div>\n<\/div>\n<\/div>\n<\/div><\/div>\n<\/div>\n<\/div>\n<\/div>","protected":false},"excerpt":{"rendered":"<p>Publicaciones Textos publicados por Mart\u00edn Tironi, entre libros editados y art\u00edculos revisados por pares. Libros Art\u00edculos<\/p>","protected":false},"author":1,"featured_media":0,"parent":0,"menu_order":0,"comment_status":"closed","ping_status":"closed","template":"layout","meta":{"_acf_changed":false,"footnotes":""},"class_list":["post-134","page","type-page","status-publish","hentry"],"acf":[],"_links":{"self":[{"href":"https:\/\/plataformasdt.cl\/en\/wp-json\/wp\/v2\/pages\/134","targetHints":{"allow":["GET"]}}],"collection":[{"href":"https:\/\/plataformasdt.cl\/en\/wp-json\/wp\/v2\/pages"}],"about":[{"href":"https:\/\/plataformasdt.cl\/en\/wp-json\/wp\/v2\/types\/page"}],"author":[{"embeddable":true,"href":"https:\/\/plataformasdt.cl\/en\/wp-json\/wp\/v2\/users\/1"}],"replies":[{"embeddable":true,"href":"https:\/\/plataformasdt.cl\/en\/wp-json\/wp\/v2\/comments?post=134"}],"version-history":[{"count":10,"href":"https:\/\/plataformasdt.cl\/en\/wp-json\/wp\/v2\/pages\/134\/revisions"}],"predecessor-version":[{"id":2225,"href":"https:\/\/plataformasdt.cl\/en\/wp-json\/wp\/v2\/pages\/134\/revisions\/2225"}],"wp:attachment":[{"href":"https:\/\/plataformasdt.cl\/en\/wp-json\/wp\/v2\/media?parent=134"}],"curies":[{"name":"wp","href":"https:\/\/api.w.org\/{rel}","templated":true}]}}