{"id":2013,"date":"2026-02-10T22:00:40","date_gmt":"2026-02-11T01:00:40","guid":{"rendered":"https:\/\/plataformasdt.cl\/?page_id=2013"},"modified":"2026-03-03T02:42:03","modified_gmt":"2026-03-03T05:42:03","slug":"seminario-sdt","status":"publish","type":"page","link":"https:\/\/plataformasdt.cl\/en\/seminario-sdt\/","title":{"rendered":"SDT Seminar"},"content":{"rendered":"<div class=\"gb-element-4ddbda15\">\n<div class=\"gb-element-d1f5bdc9\">\n<h2 class=\"gb-text gb-text-05eac349\"><em>SDT Seminar<\/em><\/h2>\n<\/div>\n\n\n\n<div class=\"gb-element-9ca03c5a\">\n<p class=\"gb-text gb-text-03befa0f\">This seminar aims to open an interdisciplinary meeting space where research, projects, and interventions related to design and technology, in their broadest sense, are presented and discussed.<\/p>\n<\/div>\n<\/div>\n\n\n\n<div class=\"gb-element-6cba59cc\">\n<p class=\"gb-text gb-text-97a931e7\">Previous sessions of the SDT seminar have been recorded and are available on Spotify. The initiative is developed within the framework of a Fondecyt Regular project.<\/p>\n\n\n\n<figure class=\"wp-block-embed is-type-rich is-provider-spotify wp-block-embed-spotify wp-embed-aspect-21-9 wp-has-aspect-ratio\" style=\"margin-top:0;margin-right:var(--wp--preset--spacing--80);margin-bottom:0;margin-left:var(--wp--preset--spacing--80)\"><div class=\"wp-block-embed__wrapper\">\n<iframe title=\"Spotify Embed: Seminario SDT N#24: Mart\u00edn Arboleda feat. Javier Ruiz-Tagle\" style=\"border-radius: 12px\" width=\"100%\" height=\"152\" frameborder=\"0\" allowfullscreen allow=\"autoplay; clipboard-write; encrypted-media; fullscreen; picture-in-picture\" loading=\"lazy\" src=\"https:\/\/open.spotify.com\/embed\/show\/1lVIIzm4OU5PahE2uHcY29?si=9d683d643a58484d&amp;utm_source=oembed\"><\/iframe>\n<\/div><\/figure>\n<\/div>","protected":false},"excerpt":{"rendered":"<p>Seminario SDT Este seminario busca abrir un espacio de encuentro interdisciplinario en el que se presentan y discuten investigaciones, proyectos e intervenciones vinculadas al dise\u00f1o y la tecnolog\u00eda en su sentido m\u00e1s amplio. Las sesiones anteriores del seminario SDT han sido registradas y est\u00e1n disponibles en Spotify. La iniciativa se desarrolla en el marco de [&hellip;]<\/p>\n","protected":false},"author":1,"featured_media":0,"parent":0,"menu_order":0,"comment_status":"closed","ping_status":"closed","template":"layout","meta":{"_acf_changed":false,"footnotes":""},"class_list":["post-2013","page","type-page","status-publish","hentry"],"acf":[],"_links":{"self":[{"href":"https:\/\/plataformasdt.cl\/en\/wp-json\/wp\/v2\/pages\/2013","targetHints":{"allow":["GET"]}}],"collection":[{"href":"https:\/\/plataformasdt.cl\/en\/wp-json\/wp\/v2\/pages"}],"about":[{"href":"https:\/\/plataformasdt.cl\/en\/wp-json\/wp\/v2\/types\/page"}],"author":[{"embeddable":true,"href":"https:\/\/plataformasdt.cl\/en\/wp-json\/wp\/v2\/users\/1"}],"replies":[{"embeddable":true,"href":"https:\/\/plataformasdt.cl\/en\/wp-json\/wp\/v2\/comments?post=2013"}],"version-history":[{"count":2,"href":"https:\/\/plataformasdt.cl\/en\/wp-json\/wp\/v2\/pages\/2013\/revisions"}],"predecessor-version":[{"id":2227,"href":"https:\/\/plataformasdt.cl\/en\/wp-json\/wp\/v2\/pages\/2013\/revisions\/2227"}],"wp:attachment":[{"href":"https:\/\/plataformasdt.cl\/en\/wp-json\/wp\/v2\/media?parent=2013"}],"curies":[{"name":"wp","href":"https:\/\/api.w.org\/{rel}","templated":true}]}}